{"id":37975,"date":"2025-02-13T11:27:30","date_gmt":"2025-02-13T10:27:30","guid":{"rendered":"http:\/\/s1049954700.online.de\/?page_id=37975"},"modified":"2025-02-13T11:28:53","modified_gmt":"2025-02-13T10:28:53","slug":"press-contact","status":"publish","type":"page","link":"https:\/\/munichforum.org\/en\/press-contact\/","title":{"rendered":"Press Contact"},"content":{"rendered":"\t\t<div data-elementor-type=\"wp-page\" data-elementor-id=\"37975\" class=\"elementor elementor-37975 elementor-37964\" data-elementor-post-type=\"page\">\n\t\t\t\t<div data-ekitparallax=\"{&quot;ekit_section_parallax_bg&quot;:&quot;yes&quot;,&quot;ekit_section_parallax_bg_speed&quot;:0.5,&quot;elementor_lazy_load&quot;:&quot;1&quot;}\" class=\"elementor-element elementor-element-1382eaa e-flex e-con-boxed e-con e-parent\" data-id=\"1382eaa\" data-element_type=\"container\" data-e-type=\"container\" data-settings=\"{&quot;background_background&quot;:&quot;classic&quot;,&quot;shape_divider_bottom&quot;:&quot;tilt&quot;}\">\n\t\t\t\t\t<div class=\"e-con-inner\">\n\t\t\t\t<div class=\"elementor-shape elementor-shape-bottom\" aria-hidden=\"true\" data-negative=\"false\">\n\t\t\t<svg xmlns=\"http:\/\/www.w3.org\/2000\/svg\" viewBox=\"0 0 1000 100\" preserveAspectRatio=\"none\">\n\t<path class=\"elementor-shape-fill\" d=\"M0,6V0h1000v100L0,6z\"\/>\n<\/svg>\t\t<\/div>\n\t\t<div class=\"elementor-element elementor-element-9801673 e-con-full e-flex e-con e-child\" data-id=\"9801673\" data-element_type=\"container\" data-e-type=\"container\">\n\t\t\t\t<div class=\"elementor-element elementor-element-8dcf77a elementor-widget elementor-widget-heading\" data-id=\"8dcf77a\" data-element_type=\"widget\" data-e-type=\"widget\" data-settings=\"{&quot;ekit_we_effect_on&quot;:&quot;none&quot;}\" data-widget_type=\"heading.default\">\n\t\t\t\t<div class=\"elementor-widget-container\">\n\t\t\t\t\t<h2 class=\"elementor-heading-title elementor-size-default\">Company Information<\/h2>\t\t\t\t<\/div>\n\t\t\t\t<\/div>\n\t\t\t\t<\/div>\n\t\t\t\t\t<\/div>\n\t\t\t\t<\/div>\n\t\t<div class=\"elementor-element elementor-element-0274782 e-flex e-con-boxed e-con e-parent\" data-id=\"0274782\" data-element_type=\"container\" data-e-type=\"container\" data-settings=\"{&quot;background_background&quot;:&quot;classic&quot;}\">\n\t\t\t\t\t<div class=\"e-con-inner\">\n\t\t<div class=\"elementor-element elementor-element-6ac81157 e-con-full e-flex e-con e-child\" data-id=\"6ac81157\" data-element_type=\"container\" data-e-type=\"container\">\n\t\t\t\t<div class=\"elementor-element elementor-element-535aea05 elementor-invisible elementor-widget elementor-widget-elementskit-team\" data-id=\"535aea05\" data-element_type=\"widget\" data-e-type=\"widget\" data-settings=\"{&quot;_animation&quot;:&quot;slideInLeft&quot;,&quot;ekit_we_effect_on&quot;:&quot;none&quot;}\" data-widget_type=\"elementskit-team.default\">\n\t\t\t\t<div class=\"elementor-widget-container\">\n\t\t\t\t\t<div class=\"ekit-wid-con\">\t\t\t\t\t\t\t\t <div class=\"profile-square-v square-v6 square-v6-v2 no_gutters\">\n\t\t<div class=\"profile-card elementor-animation- text-center ekit-team-style-long_height_details_hover\">\n\t\t\t\t\t\t\t<a aria-label=\"profile\" href=\"javascript:void(0)\" data-mfp-src=\"#ekit_team_modal_535aea05_37975\" class=\"ekit-team-popup\">\n\t\t\t\n\t\t\t\t<div class=\"profile-header ekit-team-img \"  data-toggle=\"modal\" data-target=\"ekit_team_modal_#535aea05_37975\" >\n\t\t\t\t\t<img decoding=\"async\" src=\"https:\/\/munichforum.org\/wp-content\/uploads\/elementor\/thumbs\/MFD_MFD-Team_WEB_3-r5qrt8dkm1wd5y08rtxd3z2ji13lrp35xw7qr1trm2.jpg\" title=\"MFD_MFD-Team_WEB_3.jpg\" alt=\"MFD_MFD-Team_WEB_3.jpg\" loading=\"lazy\" \/>\t\t\t\t<\/div><!-- .profile-header END -->\n\t\t\t\t\t\t\t<\/a>\n\t\t\t\n\n\t\t\t\t<div class=\"profile-body\">\n\t\t\t\t\t\n\t\t\t\t\t<h2 class=\"profile-title\">\n\t\t\t\t\t\t\t\t\t\t\t<a aria-label=\"profile\" href=\"javascript:void(0)\" data-mfp-src=\"#ekit_team_modal_535aea05_37975\" class=\"ekit-team-popup\">\n\t\t\t\t\t\tMichaela Kr\u00e1&#039;lovsk\u00e1\t\t\t\t\t\t<\/a>\n\t\t\t\t\t\t\t\t\t\t\t<\/h2>\n\t\t\t\t\t<p class=\"profile-designation\">Project O\ufb00icer Communication and Evaluation<\/p>\n\t\t\t\t\t\t\t\t\t<\/div><!-- .profile-body END -->\n\n\t\t\t\t\t\t\t\t\t<div class=\"profile-footer\">\n\t\t\t\t\t\t<ul class=\"ekit-team-social-list\">\n\t\t\t<li class=\"elementor-repeater-item-5908ccb\">\n\t\t\t<a href=\"https:\/\/www.linkedin.com\/in\/michaela-kralovska\" target=\"_blank\" aria-label=\"Linkedin\">\n\t\t\t\t<i aria-hidden=\"true\" class=\"fab fa-linkedin-in\"><\/i>\t\t\t<\/a>\n\t\t<\/li>\n\t<\/ul>\n\t\t\t\t\t<\/div>\n\t\t\t\t\t\t\t\t\t<\/div>\n\t\t\t\t <\/div> \t\t\t\n\t\t\t\n\t\t\t\t\t<div class=\"zoom-anim-dialog mfp-hide elementskit-team-popup team-popup-id-535aea05\" id=\"ekit_team_modal_535aea05_37975\" tabindex=\"-1\" role=\"dialog\" aria-modal=\"true\">\n\t\t\t\t<div class=\"modal-dialog modal-dialog-centered\" role=\"document\">\n\t\t\t\t\t<div class=\"modal-content\">\n\t\t\t\t\t\t<button type=\"button\" class=\"ekit-team-modal-close\">\n\t\t\t\t\t\t\t<i aria-hidden=\"true\" class=\"fas fa-times\"><\/i>\t\t\t\t\t\t<\/button>\n\n\t\t\t\t\t\t<div class=\"modal-body\">\n\t\t\t\t\t\t\t\t\t\t\t\t\t\t\t<div class=\"ekit-team-modal-img\">\n\t\t\t\t\t\t\t\t\t<img decoding=\"async\" src=\"https:\/\/munichforum.org\/wp-content\/uploads\/elementor\/thumbs\/MFD_MFD-Team_WEB_3-r5qrt8dkm1wd5y08rtxd3z2ji13lrp35xw7qr1trm2.jpg\" title=\"MFD_MFD-Team_WEB_3.jpg\" alt=\"MFD_MFD-Team_WEB_3.jpg\" loading=\"lazy\" \/>\t\t\t\t\t\t\t\t<\/div>\n\t\t\t\t\t\t\t\n\t\t\t\t\t\t\t<div class=\"ekit-team-modal-info has-img\">\n\t\t\t\t\t\t\t\t<h2 class=\"ekit-team-modal-title\">Michaela Kr\u00e1&#039;lovsk\u00e1<\/h2>\n\t\t\t\t\t\t\t\t<p class=\"ekit-team-modal-position\">Project O\ufb00icer Communication and Evaluation<\/p>\n\n\t\t\t\t\t\t\t\t<div class=\"ekit-team-modal-content\">\n\t\t\t\t\t\t\t\t\tShort description\t\t\t\t\t\t\t\t<\/div>\n\n\t\t\t\t\t\t\t\t\t\t\t\t\t\t\t\t\t<ul class=\"ekit-team-modal-list\">\n\t\t\t\t\t\t\t\t\t\t\t\t\t\t\t\t\t\t\t\t\t<li><strong>Phone:<\/strong><a href=\"tel:+49 89 99 74 09 351\">+49 89 99 74 09 351<\/a><\/li>\n\t\t\t\t\t\t\t\t\t\t\n\t\t\t\t\t\t\t\t\t\t\t\t\t\t\t\t\t\t\t\t\t<li><strong>Email:<\/strong><a href=\"mailto:michaela.kralovska@munichforum.org\">michaela.kralovska@munichforum.org<\/a><\/li>\n\t\t\t\t\t\t\t\t\t\t\t\t\t\t\t\t\t\t\t<\/ul>\n\t\t\t\t\t\t\t\t\n\t\t\t\t\t\t\t\t<ul class=\"ekit-team-social-list\">\n\t\t\t<li class=\"elementor-repeater-item-5908ccb\">\n\t\t\t<a href=\"https:\/\/www.linkedin.com\/in\/michaela-kralovska\" target=\"_blank\" aria-label=\"Linkedin\">\n\t\t\t\t<i aria-hidden=\"true\" class=\"fab fa-linkedin-in\"><\/i>\t\t\t<\/a>\n\t\t<\/li>\n\t<\/ul>\n\t\t\t\t\t\t\t<\/div>\n\t\t\t\t\t\t<\/div>\n\t\t\t\t\t<\/div>\n\t\t\t\t<\/div>\n\t\t\t<\/div>\n\t\t\t\t<\/div>\t\t\t\t<\/div>\n\t\t\t\t<\/div>\n\t\t\t\t<\/div>\n\t\t<div class=\"elementor-element elementor-element-159d3f5c e-con-full e-flex e-con e-child\" data-id=\"159d3f5c\" data-element_type=\"container\" data-e-type=\"container\">\n\t\t\t\t<div class=\"elementor-element elementor-element-199c20a7 elementor-widget elementor-widget-text-editor\" data-id=\"199c20a7\" data-element_type=\"widget\" data-e-type=\"widget\" data-settings=\"{&quot;ekit_we_effect_on&quot;:&quot;none&quot;}\" data-widget_type=\"text-editor.default\">\n\t\t\t\t<div class=\"elementor-widget-container\">\n\t\t\t\t\t\t\t\t\t<p><strong>Press Contact<\/strong><\/p>\n<p>M\u00fcnchner Forum f\u00fcr Dialog gGmbH<br \/>Michaela Kr\u00e1l\u2019ovsk\u00e1<br \/>Project O\ufb00icer Communication and Evaluation<\/p>\n<p>T: +49 89 997409368 \u2022 E: <a href=\"mailto:michaela.kralovska@munichforum.org\">michaela.kralovska@munichforum.org<\/a><\/p>\n\t\t\t\t\t\t\t\t<\/div>\n\t\t\t\t<\/div>\n\t\t\t\t<\/div>\n\t\t\t\t<div class=\"elementor-element elementor-element-30d1626e elementor-widget elementor-widget-spacer\" data-id=\"30d1626e\" data-element_type=\"widget\" data-e-type=\"widget\" data-settings=\"{&quot;ekit_we_effect_on&quot;:&quot;none&quot;}\" data-widget_type=\"spacer.default\">\n\t\t\t\t<div class=\"elementor-widget-container\">\n\t\t\t\t\t\t\t<div class=\"elementor-spacer\">\n\t\t\t<div class=\"elementor-spacer-inner\"><\/div>\n\t\t<\/div>\n\t\t\t\t\t\t<\/div>\n\t\t\t\t<\/div>\n\t\t\t\t\t<\/div>\n\t\t\t\t<\/div>\n\t\t<div class=\"elementor-element elementor-element-a0cb740 e-flex e-con-boxed e-con e-parent\" data-id=\"a0cb740\" data-element_type=\"container\" data-e-type=\"container\">\n\t\t\t\t\t<div class=\"e-con-inner\">\n\t\t\t\t<div class=\"elementor-element elementor-element-e490e48 elementor-widget elementor-widget-template\" data-id=\"e490e48\" data-element_type=\"widget\" data-e-type=\"widget\" data-settings=\"{&quot;ekit_we_effect_on&quot;:&quot;none&quot;}\" data-widget_type=\"template.default\">\n\t\t\t\t<div class=\"elementor-widget-container\">\n\t\t\t\t\t\t\t<div class=\"elementor-template\">\n\t\t\t\t\t<div data-elementor-type=\"container\" data-elementor-id=\"29517\" class=\"elementor elementor-29517\" data-elementor-post-type=\"elementor_library\">\n\t\t\t\t<div class=\"elementor-element elementor-element-23d3f260 e-con-full e-transform e-flex e-con e-parent\" data-id=\"23d3f260\" data-element_type=\"container\" data-e-type=\"container\" data-settings=\"{&quot;background_background&quot;:&quot;classic&quot;,&quot;_transform_rotateZ_effect&quot;:{&quot;unit&quot;:&quot;px&quot;,&quot;size&quot;:&quot;&quot;,&quot;sizes&quot;:[]},&quot;_transform_rotateZ_effect_tablet&quot;:{&quot;unit&quot;:&quot;deg&quot;,&quot;size&quot;:&quot;&quot;,&quot;sizes&quot;:[]},&quot;_transform_rotateZ_effect_mobile&quot;:{&quot;unit&quot;:&quot;deg&quot;,&quot;size&quot;:&quot;&quot;,&quot;sizes&quot;:[]}}\">\n\t\t\t\t<div class=\"elementor-element elementor-element-537271ac e-transform elementor-widget__width-initial elementor-invisible elementor-widget elementor-widget-image\" data-id=\"537271ac\" data-element_type=\"widget\" data-e-type=\"widget\" data-settings=\"{&quot;_transform_rotateZ_effect&quot;:{&quot;unit&quot;:&quot;px&quot;,&quot;size&quot;:3,&quot;sizes&quot;:[]},&quot;_transform_rotateZ_effect_tablet&quot;:{&quot;unit&quot;:&quot;deg&quot;,&quot;size&quot;:3,&quot;sizes&quot;:[]},&quot;_animation&quot;:&quot;slideInLeft&quot;,&quot;ekit_we_effect_on&quot;:&quot;none&quot;,&quot;_transform_rotateZ_effect_mobile&quot;:{&quot;unit&quot;:&quot;deg&quot;,&quot;size&quot;:&quot;&quot;,&quot;sizes&quot;:[]}}\" data-widget_type=\"image.default\">\n\t\t\t\t<div class=\"elementor-widget-container\">\n\t\t\t\t\t\t\t\t\t\t\t\t\t\t\t<img fetchpriority=\"high\" decoding=\"async\" width=\"1920\" height=\"1280\" src=\"https:\/\/munichforum.org\/wp-content\/uploads\/2024\/06\/Web_AdobeStock_681163077.jpeg_4.jpg\" class=\"attachment-full size-full wp-image-35226\" alt=\"\" srcset=\"https:\/\/munichforum.org\/wp-content\/uploads\/2024\/06\/Web_AdobeStock_681163077.jpeg_4.jpg 1920w, https:\/\/munichforum.org\/wp-content\/uploads\/2024\/06\/Web_AdobeStock_681163077.jpeg_4-300x200.jpg 300w, https:\/\/munichforum.org\/wp-content\/uploads\/2024\/06\/Web_AdobeStock_681163077.jpeg_4-1024x683.jpg 1024w, https:\/\/munichforum.org\/wp-content\/uploads\/2024\/06\/Web_AdobeStock_681163077.jpeg_4-768x512.jpg 768w, https:\/\/munichforum.org\/wp-content\/uploads\/2024\/06\/Web_AdobeStock_681163077.jpeg_4-1536x1024.jpg 1536w, https:\/\/munichforum.org\/wp-content\/uploads\/2024\/06\/Web_AdobeStock_681163077.jpeg_4-710x473.jpg 710w\" sizes=\"(max-width: 1920px) 100vw, 1920px\" \/>\t\t\t\t\t\t\t\t\t\t\t\t\t\t\t<\/div>\n\t\t\t\t<\/div>\n\t\t\t\t<div class=\"elementor-element elementor-element-4d3aca14 e-transform elementor-widget__width-initial elementor-invisible elementor-widget elementor-widget-image\" data-id=\"4d3aca14\" data-element_type=\"widget\" data-e-type=\"widget\" data-settings=\"{&quot;_transform_rotateZ_effect&quot;:{&quot;unit&quot;:&quot;px&quot;,&quot;size&quot;:-3,&quot;sizes&quot;:[]},&quot;_transform_rotateZ_effect_tablet&quot;:{&quot;unit&quot;:&quot;deg&quot;,&quot;size&quot;:-3,&quot;sizes&quot;:[]},&quot;_animation&quot;:&quot;slideInRight&quot;,&quot;ekit_we_effect_on&quot;:&quot;none&quot;,&quot;_transform_rotateZ_effect_mobile&quot;:{&quot;unit&quot;:&quot;deg&quot;,&quot;size&quot;:&quot;&quot;,&quot;sizes&quot;:[]}}\" data-widget_type=\"image.default\">\n\t\t\t\t<div class=\"elementor-widget-container\">\n\t\t\t\t\t\t\t\t\t\t\t\t\t\t\t<img decoding=\"async\" width=\"1920\" height=\"1280\" src=\"https:\/\/munichforum.org\/wp-content\/uploads\/2024\/06\/Web_AdobeStock_645328741.jpeg_5.jpg\" class=\"attachment-full size-full wp-image-35228\" alt=\"\" srcset=\"https:\/\/munichforum.org\/wp-content\/uploads\/2024\/06\/Web_AdobeStock_645328741.jpeg_5.jpg 1920w, https:\/\/munichforum.org\/wp-content\/uploads\/2024\/06\/Web_AdobeStock_645328741.jpeg_5-300x200.jpg 300w, https:\/\/munichforum.org\/wp-content\/uploads\/2024\/06\/Web_AdobeStock_645328741.jpeg_5-1024x683.jpg 1024w, https:\/\/munichforum.org\/wp-content\/uploads\/2024\/06\/Web_AdobeStock_645328741.jpeg_5-768x512.jpg 768w, https:\/\/munichforum.org\/wp-content\/uploads\/2024\/06\/Web_AdobeStock_645328741.jpeg_5-1536x1024.jpg 1536w, https:\/\/munichforum.org\/wp-content\/uploads\/2024\/06\/Web_AdobeStock_645328741.jpeg_5-710x473.jpg 710w\" sizes=\"(max-width: 1920px) 100vw, 1920px\" \/>\t\t\t\t\t\t\t\t\t\t\t\t\t\t\t<\/div>\n\t\t\t\t<\/div>\n\t\t\t\t<\/div>\n\t\t\t\t<\/div>\n\t\t\t\t<\/div>\n\t\t\t\t\t\t<\/div>\n\t\t\t\t<\/div>\n\t\t\t\t<div class=\"elementor-element elementor-element-61cb5ef elementor-fixed elementor-widget elementor-widget-global elementor-global-32189 elementor-widget-elementskit-back-to-top\" data-id=\"61cb5ef\" data-element_type=\"widget\" data-e-type=\"widget\" data-settings=\"{&quot;_position&quot;:&quot;fixed&quot;,&quot;ekit_we_effect_on&quot;:&quot;none&quot;}\" data-widget_type=\"elementskit-back-to-top.default\">\n\t\t\t\t<div class=\"elementor-widget-container\">\n\t\t\t\t\t<div class=\"ekit-wid-con\" >\t\t\t<div class=\"ekit-back-to-top-container ekit-btt icon_only\" data-settings=\"{&quot;offset_top&quot;:0,&quot;show_after&quot;:400,&quot;show_scroll&quot;:&quot;yes&quot;,&quot;style&quot;:&quot;icon_only&quot;,&quot;foreground&quot;:null,&quot;background&quot;:null}\"> \n\t\t\t\t<span class=\"ekit-btt__button yes\">\n\t\t\t\t\t<i aria-hidden=\"true\" class=\"icon icon-up-arrow1\"><\/i>\t\t\t\t<\/span>\n\t\t\t<\/div>\n\t\t<\/div>\t\t\t\t<\/div>\n\t\t\t\t<\/div>\n\t\t\t\t\t<\/div>\n\t\t\t\t<\/div>\n\t\t\t\t<\/div>\n\t\t","protected":false},"excerpt":{"rendered":"<p>Company Information Michaela Kr\u00e1&#039;lovsk\u00e1 Project O\ufb00icer Communication and Evaluation Michaela Kr\u00e1&#039;lovsk\u00e1 Project O\ufb00icer Communication and Evaluation Short description Phone:+49 89 99 74 09 351 Email:michaela.kralovska@munichforum.org Press Contact M\u00fcnchner Forum f\u00fcr Dialog gGmbHMichaela Kr\u00e1l\u2019ovsk\u00e1Project O\ufb00icer Communication and Evaluation T: +49 89 997409368 \u2022 E: michaela.kralovska@munichforum.org<\/p>\n","protected":false},"author":1,"featured_media":0,"parent":0,"menu_order":0,"comment_status":"closed","ping_status":"closed","template":"","meta":{"footnotes":""},"class_list":["post-37975","page","type-page","status-publish","hentry"],"_links":{"self":[{"href":"https:\/\/munichforum.org\/en\/wp-json\/wp\/v2\/pages\/37975","targetHints":{"allow":["GET"]}}],"collection":[{"href":"https:\/\/munichforum.org\/en\/wp-json\/wp\/v2\/pages"}],"about":[{"href":"https:\/\/munichforum.org\/en\/wp-json\/wp\/v2\/types\/page"}],"author":[{"embeddable":true,"href":"https:\/\/munichforum.org\/en\/wp-json\/wp\/v2\/users\/1"}],"replies":[{"embeddable":true,"href":"https:\/\/munichforum.org\/en\/wp-json\/wp\/v2\/comments?post=37975"}],"version-history":[{"count":4,"href":"https:\/\/munichforum.org\/en\/wp-json\/wp\/v2\/pages\/37975\/revisions"}],"predecessor-version":[{"id":37980,"href":"https:\/\/munichforum.org\/en\/wp-json\/wp\/v2\/pages\/37975\/revisions\/37980"}],"wp:attachment":[{"href":"https:\/\/munichforum.org\/en\/wp-json\/wp\/v2\/media?parent=37975"}],"curies":[{"name":"wp","href":"https:\/\/api.w.org\/{rel}","templated":true}]}}